{"id":19,"date":"2021-07-23T11:23:40","date_gmt":"2021-07-23T11:23:40","guid":{"rendered":"https:\/\/amdance.fi\/amd\/?page_id=19"},"modified":"2026-04-07T12:02:27","modified_gmt":"2026-04-07T10:02:27","slug":"home","status":"publish","type":"page","link":"https:\/\/amdance.fi\/amd\/","title":{"rendered":"Home"},"content":{"rendered":"<div class=\"vce-row-container\"><div class=\"vce-row vce-row--col-gap-0 vce-row-no-paddings vce-row-equal-height vce-row-content--top\" data-vce-full-width=\"true\" data-vce-stretch-content=\"true\" id=\"el-74e536da\" data-vce-do-apply=\"all el-74e536da\"><div class=\"vce-content-background-container\"><\/div><div class=\"vce-row-content\" data-vce-element-content=\"true\"><div class=\"vce-col vce-col--md-auto vce-col--xs-1 vce-col--xs-last vce-col--xs-first vce-col--sm-last vce-col--sm-first vce-col--md-last vce-col--lg-last vce-col--xl-last vce-col--md-first vce-col--lg-first vce-col--xl-first\" id=\"el-3354010c\"><div class=\"vce-col-inner\" data-vce-do-apply=\"border margin background  el-3354010c\"><div class=\"vce-content-background-container\"><\/div><div class=\"vce-col-content\" data-vce-element-content=\"true\" data-vce-do-apply=\"padding el-3354010c\"><section class=\"vce-hero-section-container vce-hero-section-media--xs vce-hero-section-media--sm vce-hero-section-media--md vce-hero-section-media--lg vce-hero-section-media--xl\"><div class=\"vce vce-hero-section\" id=\"el-bb4fa525\" data-vce-do-apply=\"margin background border  el-bb4fa525\"><div class=\"vce-hero-section--wrap-row vce-hero-section--background-position-center-center\" style=\"background-image: url('https:\/\/amdance.fi\/amd\/wp-content\/uploads\/2021\/07\/bg_LASTEN-LAJITREENIT-1.jpg');\"><div class=\"vce-hero-section--wrap\"><div class=\"vce-hero-section--content\" data-vce-do-apply=\"padding el-bb4fa525\"><div class=\"vce-hero-section--content-container\"><h2>Tanssikoulu<br>AM DANCE<\/h2><p>Tervetuloa tanssimaan AM Dancelle osoitteeseen Pussitie 4 , Paimio.<\/p><p>Laadukasta tanssinopetusta ammattitaidolla ja suurella syd\u00e4mell\u00e4.<\/p><\/div><\/div><\/div><\/div><\/div><\/section><\/div><\/div><\/div><\/div><\/div><\/div><div class=\"vce-row-container\"><div class=\"vce-row vce-row--col-gap-0 vce-row-no-paddings vce-row-equal-height vce-row-content--top\" data-vce-full-width=\"true\" data-vce-stretch-content=\"true\" id=\"el-0a3fc257\" data-vce-do-apply=\"all el-0a3fc257\"><div class=\"vce-content-background-container\"><\/div><div class=\"vce-row-content\" data-vce-element-content=\"true\"><div class=\"vce-col vce-col--md-auto vce-col--xs-1 vce-col--xs-last vce-col--xs-first vce-col--sm-last vce-col--sm-first vce-col--md-last vce-col--lg-last vce-col--xl-last vce-col--md-first vce-col--lg-first vce-col--xl-first\" id=\"el-80d093c9\"><div class=\"vce-col-inner\" data-vce-do-apply=\"border margin background  el-80d093c9\"><div class=\"vce-content-background-container\"><\/div><div class=\"vce-col-content\" data-vce-element-content=\"true\" data-vce-do-apply=\"padding el-80d093c9\"><section class=\"vce-hero-section-container vce-hero-section-media--xs vce-hero-section-media--sm vce-hero-section-media--md vce-hero-section-media--lg vce-hero-section-media--xl\"><div class=\"vce vce-hero-section\" id=\"el-0007d3b7\" data-vce-do-apply=\"margin background border  el-0007d3b7\"><div class=\"vce-hero-section--wrap-row vce-hero-section--background-position-center-center\" style=\"background-image: url('https:\/\/amdance.fi\/amd\/wp-content\/uploads\/2021\/07\/bg2-2.jpg');\"><div class=\"vce-hero-section--wrap\"><div class=\"vce-hero-section--content\" data-vce-do-apply=\"padding el-0007d3b7\"><div class=\"vce-hero-section--content-container\"><h2><span style=\"color: #000000;\">KEV\u00c4\u00c4N 2026 AIKATAULU <\/span><\/h2><h2><span style=\"font-size: 18.6667px; font-weight: bold;\">19.1.-2.5.2026<\/span><\/h2><h2><span style=\"color: #000000;\">&amp; <\/span><\/h2><h2><span style=\"color: #000000;\">KES\u00c4N 2026 TANSSILEIRIT<\/span><\/h2><p>&nbsp;<\/p><p><span style=\"color: #000000;\">Tarjoamme laajan tuntivalikoiman lapsille, nuorille ja aikuisille. Eri lajien lis\u00e4ksi tanssitunneista on mahdollisuus valita itselleen sopiva taso aina alkeista edistyneisiin.<\/span><\/p><\/div><div class=\"vce-button--style-basic-container vce-button--style-basic-container--align-center\"><span class=\"vce-button--style-basic-wrapper vce\" id=\"el-79833a8a\" data-vce-do-apply=\"margin el-79833a8a\"><a class=\"vce-button--style-basic vce-button--style-basic--border-square vce-button--style-basic--size-small vce-button--style-basic--color-b-255-255-255--b-33-33-33\" href=\"https:\/\/amdance.fi\/amd\/aikataulu\/\" title=\"\" data-vce-do-apply=\"padding border background  el-79833a8a\">Aikataulu<\/a><\/span><\/div><\/div><\/div><\/div><\/div><\/section><section class=\"vce-hero-section-container vce-hero-section-media--xs vce-hero-section-media--sm vce-hero-section-media--md vce-hero-section-media--lg vce-hero-section-media--xl\"><div class=\"vce vce-hero-section\" id=\"el-1005e642\" data-vce-do-apply=\"margin background border  el-1005e642\"><div class=\"vce-hero-section--wrap-row vce-hero-section--background-position-center-center\" style=\"background-image: url('https:\/\/amdance.fi\/amd\/wp-content\/uploads\/2021\/07\/bg3.png');\"><div class=\"vce-hero-section--wrap\"><div class=\"vce-hero-section--content\" data-vce-do-apply=\"padding el-1005e642\"><div class=\"vce-hero-section--content-container\"><h2><span style=\"color: #ffffff;\">KEV\u00c4\u00c4N 2026 oppilasn\u00e4yt\u00f6kset 2.5. Paimiossa<\/span><\/h2><h2>&nbsp;<\/h2><p>Lipunmyynti aukeaa 1.4.2026&nbsp;<\/p><\/div><div class=\"vce-button--style-basic-container vce-button--style-basic-container--align-center\"><span class=\"vce-button--style-basic-wrapper vce\" id=\"el-79833a8a\" data-vce-do-apply=\"margin el-79833a8a\"><a class=\"vce-button--style-basic vce-button--style-basic--border-square vce-button--style-basic--size-small vce-button--style-basic--color-b-255-255-255--b-33-33-33\" href=\"https:\/\/www.eventim-light.com\/fi\/a\/66e802c37b8df46d66b08cc8\" title=\"\" data-vce-do-apply=\"padding border background  el-79833a8a\">Lippukauppa<\/a><\/span><\/div><\/div><\/div><\/div><\/div><\/section><section class=\"vce-hero-section-container vce-hero-section-media--xs vce-hero-section-media--sm vce-hero-section-media--md vce-hero-section-media--lg vce-hero-section-media--xl\"><div class=\"vce vce-hero-section\" id=\"el-06b3fea6\" data-vce-do-apply=\"margin background border  el-06b3fea6\"><div class=\"vce-hero-section--wrap-row vce-hero-section--background-position-center-center\" style=\"background-image: url('https:\/\/amdance.fi\/amd\/wp-content\/uploads\/2021\/07\/bg2-2.jpg');\"><div class=\"vce-hero-section--wrap\"><div class=\"vce-hero-section--content\" data-vce-do-apply=\"padding el-06b3fea6\"><div class=\"vce-hero-section--content-container\"><h2><span style=\"color: #000000;\">P\u00c4\u00c4SYKOKEET KAUDEN 26-27 KISARYHMIIN<\/span><\/h2><div class=\"\"><div id=\":ou\" class=\"ii gt\"><div id=\":ot\" class=\"a3s aiL\"><div id=\"avWBGd-23\"><div dir=\"auto\"><p dir=\"ltr\">&nbsp;<\/p><p dir=\"ltr\"><span style=\"color: #000000;\">Ke 27.5.&nbsp;<\/span><\/p><p dir=\"ltr\"><span style=\"color: #000000;\"><img decoding=\"async\" class=\"an1\" draggable=\"false\" src=\"https:\/\/fonts.gstatic.com\/s\/e\/notoemoji\/17.0\/2728\/32.png\" alt=\"\u2728\" data-emoji=\"\u2728\" aria-label=\"\u2728\">\ufe0fLapset, juniorit ja aikuiset1 16+<img decoding=\"async\" class=\"an1\" draggable=\"false\" src=\"https:\/\/fonts.gstatic.com\/s\/e\/notoemoji\/17.0\/2728\/32.png\" alt=\"\u2728\" data-emoji=\"\u2728\" aria-label=\"\u2728\">\ufe0f<\/span><\/p><ul><li dir=\"ltr\" role=\"presentation\"><span style=\"color: #000000;\">Pienryhm\u00e4t, duot ja soolot<\/span><\/li><\/ul><p>&nbsp;<\/p><p dir=\"ltr\"><span style=\"color: #000000;\">Klo 17-17.30 Lapset - 2015 ja sen j\u00e4lkeen syntyneet<\/span><\/p><p dir=\"ltr\"><span style=\"color: #000000;\">Klo 18-18.30 EK2 haku - 2012 ja sen j\u00e4lkeen syntyneet<\/span><\/p><p dir=\"ltr\"><span style=\"color: #000000;\">Klo 19-19.45 Juniorit 2011-2014 syntyneet &amp; Aikuiset1 2010 ja sit\u00e4 ennen syntyneet<\/span><\/p><br><br><p dir=\"ltr\"><span style=\"color: #000000;\">To 11.6.&nbsp;<\/span><\/p><p dir=\"ltr\"><span style=\"color: #000000;\"><img decoding=\"async\" class=\"an1\" draggable=\"false\" src=\"https:\/\/fonts.gstatic.com\/s\/e\/notoemoji\/17.0\/2728\/32.png\" alt=\"\u2728\" data-emoji=\"\u2728\" aria-label=\"\u2728\">\ufe0f Aik2&amp;3 muodostelmat ja pienryhm\u00e4t<img decoding=\"async\" class=\"an1\" draggable=\"false\" src=\"https:\/\/fonts.gstatic.com\/s\/e\/notoemoji\/17.0\/2728\/32.png\" alt=\"\u2728\" data-emoji=\"\u2728\" aria-label=\"\u2728\">\ufe0f<\/span><\/p><p dir=\"ltr\"><span style=\"color: #000000;\">Klo 18.00-19.00 Aikuiset2 30+ &amp; Aikuiset3 45+<\/span><\/p><ul><li dir=\"ltr\"><span style=\"color: #000000;\"> ShowMamas muodostelma 30+, koreografia&amp;valmennus Annika Mutila<\/span><\/li><li dir=\"ltr\"><span style=\"color: #000000;\"> ShowNanas muodostelma 45+, koreografia&amp;valmennus Annika Mutila<\/span><\/li><\/ul><\/div><\/div><\/div><\/div><\/div><\/div><div class=\"vce-button--style-basic-container vce-button--style-basic-container--align-center\"><span class=\"vce-button--style-basic-wrapper vce\" id=\"el-79833a8a\" data-vce-do-apply=\"margin el-79833a8a\"><a class=\"vce-button--style-basic vce-button--style-basic--border-square vce-button--style-basic--size-small vce-button--style-basic--color-b-8-131-130--b-255-255-255\" href=\"https:\/\/amdance.myclub.fi\/flow\/events\" title=\"\" data-vce-do-apply=\"padding border background  el-79833a8a\">ILMOITTAUDU P\u00c4\u00c4SYKOKEESEEN<\/a><\/span><\/div><\/div><\/div><\/div><\/div><\/section><\/div><\/div><\/div><\/div><\/div><\/div><div class=\"vce-row-container\"><div class=\"vce-row vce-row--col-gap-0 vce-row-no-paddings vce-row-equal-height vce-row-content--top\" data-vce-full-width=\"true\" data-vce-stretch-content=\"true\" id=\"el-4d81aaff\" data-vce-do-apply=\"all el-4d81aaff\"><div class=\"vce-content-background-container\"><\/div><div class=\"vce-row-content\" data-vce-element-content=\"true\"><div class=\"vce-col vce-col--md-auto vce-col--xs-1 vce-col--xs-last vce-col--xs-first vce-col--sm-last vce-col--sm-first vce-col--md-last vce-col--lg-last vce-col--xl-last vce-col--md-first vce-col--lg-first vce-col--xl-first\" id=\"el-7e6365a0\"><div class=\"vce-col-inner\" data-vce-do-apply=\"border margin background  el-7e6365a0\"><div class=\"vce-content-background-container\"><\/div><div class=\"vce-col-content\" data-vce-element-content=\"true\" data-vce-do-apply=\"padding el-7e6365a0\"><section class=\"vce-hero-section-container vce-hero-section-media--xs vce-hero-section-media--sm vce-hero-section-media--md vce-hero-section-media--lg vce-hero-section-media--xl\"><div class=\"vce vce-hero-section\" id=\"el-4a0bb043\" data-vce-do-apply=\"margin background border  el-4a0bb043\"><div class=\"vce-hero-section--wrap-row vce-hero-section--background-position-center-center\" style=\"background-image: url('https:\/\/amdance.fi\/amd\/wp-content\/uploads\/2021\/07\/13116494_603431336480502_2030054035522870216_o-2.jpg');\"><div class=\"vce-hero-section--wrap\"><div class=\"vce-hero-section--content\" data-vce-do-apply=\"padding el-4a0bb043\"><div class=\"vce-hero-section--content-container\"><h2 class=\"custom_font_holder\">Tanssitunnit<\/h2><p class=\"custom_font_holder\">Tanssikoulu AM Dance haluaa mahdollistaa monipuolisen tanssiharrastuksen niin lapsille, nuorille kuin aikuisille eri tanssilajeineen. Pienimpien tanssitunnit ovat 3-6-vuotiaille harrastajille. Alakouluik\u00e4isten tunnit on jaettu 7-10 -vuotiaisiin ja 9-12 -vuotiaisiin. Nuorille ja aikuisille on suuri valikoima eritasoisia tanssitreenej\u00e4 yhdess\u00e4. Lis\u00e4ksi tuntivalikoimasta l\u00f6ytyy tunteja vain aikuisille.<\/p><\/div><div class=\"vce-button--style-basic-container vce-button--style-basic-container--align-center\"><span class=\"vce-button--style-basic-wrapper vce\" id=\"el-79833a8a\" data-vce-do-apply=\"margin el-79833a8a\"><a class=\"vce-button--style-basic vce-button--style-basic--border-square vce-button--style-basic--size-small vce-button--style-basic--color-b-255-255-255--b-0-0-0\" href=\"https:\/\/amdance.fi\/amd\/tanssitunnit\/\" title=\"\" data-vce-do-apply=\"padding border background  el-79833a8a\">Tanssitunnit<\/a><\/span><\/div><\/div><\/div><\/div><\/div><\/section><\/div><\/div><\/div><\/div><\/div><\/div><div class=\"vce-row-container\"><div class=\"vce-row vce-row--col-gap-0 vce-row-no-paddings vce-row-equal-height vce-row-content--top\" data-vce-full-width=\"true\" data-vce-stretch-content=\"true\" id=\"el-8564dba9\" data-vce-do-apply=\"all el-8564dba9\"><div class=\"vce-content-background-container\"><\/div><div class=\"vce-row-content\" data-vce-element-content=\"true\"><div class=\"vce-col vce-col--md-auto vce-col--xs-1 vce-col--xs-last vce-col--xs-first vce-col--sm-last vce-col--sm-first vce-col--md-last vce-col--lg-last vce-col--xl-last vce-col--md-first vce-col--lg-first vce-col--xl-first\" id=\"el-8b7a31b1\"><div class=\"vce-col-inner\" data-vce-do-apply=\"border margin background  el-8b7a31b1\"><div class=\"vce-content-background-container\"><\/div><div class=\"vce-col-content\" data-vce-element-content=\"true\" data-vce-do-apply=\"padding el-8b7a31b1\"><section class=\"vce-hero-section-container vce-hero-section-media--xs vce-hero-section-media--sm vce-hero-section-media--md vce-hero-section-media--lg vce-hero-section-media--xl\"><div class=\"vce vce-hero-section\" id=\"el-3a212d9f\" data-vce-do-apply=\"margin background border  el-3a212d9f\"><div class=\"vce-hero-section--wrap-row vce-hero-section--background-position-center-center\" style=\"background-image: url('https:\/\/amdance.fi\/amd\/wp-content\/uploads\/2021\/07\/bg5-2.jpg');\"><div class=\"vce-hero-section--wrap\"><div class=\"vce-hero-section--content\" data-vce-do-apply=\"padding el-3a212d9f\"><div class=\"vce-hero-section--content-container\"><h2 class=\"custom_font_holder\">Opettajat<\/h2><p class=\"custom_font_holder\">Kaikki opettajamme ovat kokeneita ja persoonallisia tanssinopettajia. Luomme yhdess\u00e4 kannustavan ja positiivisen oppimisymp\u00e4rist\u00f6n. T\u00e4\u00e4lt\u00e4 l\u00f6yd\u00e4t jokaisen opettajan esittelyn.<\/p><\/div><div class=\"vce-button--style-basic-container vce-button--style-basic-container--align-center\"><span class=\"vce-button--style-basic-wrapper vce\" id=\"el-79833a8a\" data-vce-do-apply=\"margin el-79833a8a\"><button class=\"vce-button--style-basic vce-button--style-basic--border-square vce-button--style-basic--size-small vce-button--style-basic--color-b-255-255-255--b-0-0-0\" data-vce-do-apply=\"padding border background  el-79833a8a\">Opettajat<\/button><\/span><\/div><\/div><\/div><\/div><\/div><\/section><\/div><\/div><\/div><\/div><\/div><\/div>\n","protected":false},"excerpt":{"rendered":"<p>TanssikouluAM DANCETervetuloa tanssimaan AM Dancelle osoitteeseen Pussitie 4 , Paimio.Laadukasta tanssinopetusta ammattitaidolla ja suurella syd\u00e4mell\u00e4.KEV\u00c4\u00c4N 2026 AIKATAULU 19.1.-2.5.2026&amp; KES\u00c4N 2026 TANSSILEIRIT&nbsp;Tarjoamme laajan tuntivalikoiman lapsille, nuorille ja aikuisille. Eri lajien lis\u00e4ksi tanssitunneista on mahdollisuus valita itselleen sopiva taso aina alkeista edistyneisiin.AikatauluKEV\u00c4\u00c4N 2026 oppilasn\u00e4yt\u00f6kset 2.5. Paimiossa&nbsp;Lipunmyynti aukeaa&#8230;<\/p>\n","protected":false},"author":1,"featured_media":0,"parent":0,"menu_order":0,"comment_status":"closed","ping_status":"closed","template":"","meta":{"footnotes":""},"class_list":["post-19","page","type-page","status-publish","hentry"],"_links":{"self":[{"href":"https:\/\/amdance.fi\/amd\/wp-json\/wp\/v2\/pages\/19","targetHints":{"allow":["GET"]}}],"collection":[{"href":"https:\/\/amdance.fi\/amd\/wp-json\/wp\/v2\/pages"}],"about":[{"href":"https:\/\/amdance.fi\/amd\/wp-json\/wp\/v2\/types\/page"}],"author":[{"embeddable":true,"href":"https:\/\/amdance.fi\/amd\/wp-json\/wp\/v2\/users\/1"}],"replies":[{"embeddable":true,"href":"https:\/\/amdance.fi\/amd\/wp-json\/wp\/v2\/comments?post=19"}],"version-history":[{"count":57,"href":"https:\/\/amdance.fi\/amd\/wp-json\/wp\/v2\/pages\/19\/revisions"}],"predecessor-version":[{"id":699,"href":"https:\/\/amdance.fi\/amd\/wp-json\/wp\/v2\/pages\/19\/revisions\/699"}],"wp:attachment":[{"href":"https:\/\/amdance.fi\/amd\/wp-json\/wp\/v2\/media?parent=19"}],"curies":[{"name":"wp","href":"https:\/\/api.w.org\/{rel}","templated":true}]}}